{"id":1210,"date":"2019-03-20T16:30:08","date_gmt":"2019-03-20T19:30:08","guid":{"rendered":"http:\/\/localhost:8888\/santiagolena\/?page_id=1210"},"modified":"2026-04-06T13:55:54","modified_gmt":"2026-04-06T16:55:54","slug":"statement","status":"publish","type":"page","link":"https:\/\/www.santiagolena.com\/en\/statement\/","title":{"rendered":"Statement"},"content":{"rendered":"<div class=\"brz-root__container brz-reset-all brz brz-root__container-page\">\n<section id=\"94b0c4441f2cd9c32f7a_vxcuhbjfhhrbqvhvkboxzjsjuhmlirrqwjiv\" class=\"brz-section brz-css-1robucy brz-css-gio6it\">\n<div class=\"brz-section__content brz-section--boxed brz-css-1gdz173 brz-css-rzn29y\" data-brz-custom-id=\"hbjikttgbizlghgavomgtvxuqnoexrermwng\">\n<div class=\"brz-bg\">\n<div class=\"brz-bg-color\"><\/div>\n<\/div>\n<div class=\"brz-container brz-css-1xjdrvp brz-css-1fa6zft\">\n<div class=\"brz-row__container brz-css-1vqg5tk brz-css-mdyvax\" data-brz-custom-id=\"hiswfqfkiygxfkzphdwyjhdovkvugnrxmbvz\">\n<div class=\"brz-row brz-css-1gbzp1l brz-css-1x754wr brz-css-n2o23\">\n<div data-brz-iteration-count=\"1\" class=\"brz-columns brz-css-1wduefv brz-css-1eeuaou brz-animated brz-css-1kc8lmc brz-css-1eww1x7\" data-brz-custom-id=\"pebolsvrytdaqhofeftxaoletmwkgkromvmr\">\n<div class=\"brz-column__items brz-css-1ddlqwg brz-css-q480zk\">\n<div id=\"\" class=\"brz-css-1dfn2oq brz-css-1nvin2n brz-wrapper\">\n<div class=\"brz-rich-text brz-rich-text__custom brz-css-nqtpmn brz-css-muw3fz\" data-brz-custom-id=\"doeqxxfnhn\">\n<div data-brz-translate-text=\"1\">\n<h2 data-uniq-id=\"dufnr\" data-generated-css=\"brz-css-eagcp\" class=\"brz-tp-lg-abovetitle brz-text-lg-center brz-css-hJWyf\"><span class=\"brz-cp-color5\">SANTIAGO LENA<\/span><\/h2>\n<\/div>\n<\/div>\n<\/div>\n<div id=\"\" class=\"brz-css-1dfn2oq brz-css-4eocoh brz-wrapper\">\n<div class=\"brz-rich-text brz-rich-text__custom brz-css-nqtpmn brz-css-1m2zf65\" data-brz-custom-id=\"efpuiqieftsnetdhwxorbcutmukhmmzkfusw\">\n<div data-brz-translate-text=\"1\">\n<p class=\"brz-text-lg-center brz-tp-lg-vofjyxjctq brz-css-c5VSa\" data-generated-css=\"brz-css-oszxy\" data-uniq-id=\"xcyvy\"><span class=\"brz-cp-color5\">Statement<\/span><\/p>\n<\/div>\n<\/div>\n<\/div>\n<\/div>\n<\/div>\n<\/div>\n<\/div>\n<\/div>\n<\/div>\n<\/section>\n<section id=\"5a378cc4dce22e73239f_bejpqoneue\" class=\"brz-section brz-css-1robucy brz-css-19rrdto\">\n<div class=\"brz-section__content brz-section--boxed brz-css-1gdz173 brz-css-q19u5b\" data-brz-custom-id=\"lojlqssfym\">\n<div class=\"brz-bg\">\n<div class=\"brz-bg-color\"><\/div>\n<\/div>\n<div class=\"brz-container brz-css-1xjdrvp brz-css-1pc51y8\">\n<div class=\"brz-row__container brz-css-1vqg5tk brz-css-1syyo3t\" data-brz-custom-id=\"fpevdxwlcj\">\n<div class=\"brz-row brz-css-1gbzp1l brz-css-1x754wr brz-css-o3vs1p\">\n<div class=\"brz-columns brz-css-1wduefv brz-css-1jwy007\" data-brz-custom-id=\"rhhyvrlvjd\">\n<div class=\"brz-column__items brz-css-1ddlqwg brz-css-z3ix8c\">\n<div id=\"\" class=\"brz-css-1dfn2oq brz-css-1gwshsy brz-wrapper\">\n<div class=\"brz-image brz-css-i43frg brz-css-197ewy6\" data-brz-custom-id=\"euovnoidsr\"><img decoding=\"async\" class=\"brz-img lazyload\" data-src=\"https:\/\/www.santiagolena.com\/wp-content\/uploads\/brizy\/imgs\/santiago-lena-humedo-proa-2-605x908x0x227x605x454x1648605206.jpg\" alt=\"\" title=\"santiago lena humedo proa 2\" src=\"data:image\/svg+xml;base64,PHN2ZyB3aWR0aD0iMSIgaGVpZ2h0PSIxIiB4bWxucz0iaHR0cDovL3d3dy53My5vcmcvMjAwMC9zdmciPjwvc3ZnPg==\" style=\"--smush-placeholder-width: 605px; --smush-placeholder-aspect-ratio: 605\/454;\"><\/div>\n<\/div>\n<div id=\"\" class=\"brz-css-1dfn2oq brz-css-8q6fin brz-css-z2yv3r brz-wrapper\">\n<div class=\"brz-spacer brz-css-1rx73r4 brz-css-1f7wddv\"><\/div>\n<\/div>\n<div id=\"\" class=\"brz-css-1dfn2oq brz-css-1c2okcn brz-wrapper\">\n<div class=\"brz-rich-text brz-rich-text__custom brz-css-nqtpmn brz-css-adp8x8\" data-brz-custom-id=\"zqotdgjssp\">\n<div data-brz-translate-text=\"1\">\n<p class=\"brz-tp-lg-fhwxwyhkbi brz-css-pMbdI\" data-uniq-id=\"mixqj\" data-generated-css=\"brz-css-hwesm\"><span class=\"brz-cp-color5\">Much of my work is built with the elements that arise from the work process, fundamentally, with matter, which is not reduced to its pure state but can also manifest itself in abandoned or broken objects that were made with ceramics. These processes are not mechanical, on the contrary, they obey an emotional heuristic that orders and defines the investigations.<\/span><\/p>\n<\/div>\n<\/div>\n<\/div>\n<div id=\"\" class=\"brz-css-1dfn2oq brz-css-8q6fin brz-css-14hv5wa brz-wrapper\">\n<div class=\"brz-spacer brz-css-1rx73r4 brz-css-1tmezxb\"><\/div>\n<\/div>\n<div id=\"\" class=\"brz-css-1dfn2oq brz-css-kw906q brz-wrapper\">\n<div class=\"brz-rich-text brz-rich-text__custom brz-css-nqtpmn brz-css-1nojtfq\" data-brz-custom-id=\"fqswpnptdn\">\n<div data-brz-translate-text=\"1\">\n<p class=\"brz-tp-lg-paragraph brz-css-ldSfo\" data-uniq-id=\"fgyov\" data-generated-css=\"brz-css-ppxpo\"><span class=\"brz-cp-color5\">The concepts or ideas of my work are born in the matter itself, they embody it. The emotional, the perceptive and the intellectual come together and generate forms and also words. In those forms that appear almost unintentionally, I sometimes feel a nostalgia for my land, the sea and the steppe, those puddles that arm in the sandbanks and draw small worlds discovered when the tide goes out. An image or a dream, inspiration that opens me to creation. Each process of my work is a transit towards the definition of the work. In the kneading of the stoneware paste something organic is generated, typical of movement. Those folds that occur in action, I stop them, the fire petrifies them. The lathe is the main tool, for several years its language has worked with the rhythm of my body. The pottery pieces depend on these sensitive coordinates at the time of work and creation. The emptiness that generates each piece, that nothing necessary for something to exist, connected me with something that flows and moves, insistently. Some pieces that I am making are forms from which a mass of color comes out; It opens them, something exceeds them and exploits them, as if they were volcanic. Those powerful pieces speak of what cannot be stopped inside and appears. The persistent ancestral that cannot be repressed, because it always sprouts again.<\/span><\/p>\n<\/div>\n<\/div>\n<\/div>\n<\/div>\n<\/div>\n<\/div>\n<\/div>\n<\/div>\n<\/div>\n<\/section>\n<\/div>\n<p>    <!-- version:1752239797 --><\/p>","protected":false},"excerpt":{"rendered":"<p>SANTIAGO LENA Statement Gran parte de mi obra, se construye con los elementos que surgen del proceso de trabajo, fundamentalmente, con la materia, la cual no se reduce a su estado puro sino que tambi\u00e9n puede manifestarse en objetos abandonados o rotos y que fueron hechos con cer\u00e1mica. Estos procesos no son mec\u00e1nicos, por el [&hellip;]<\/p>\n","protected":false},"author":1,"featured_media":0,"parent":0,"menu_order":0,"comment_status":"closed","ping_status":"closed","template":"","meta":{"_acf_changed":false,"footnotes":""},"class_list":["post-1210","page","type-page","status-publish","hentry"],"blocksy_meta":{"styles_descriptor":{"styles":{"desktop":"","tablet":"","mobile":""},"google_fonts":[],"version":6}},"acf":[],"brizy_media":[{"id":936,"url":"https:\/\/www.santiagolena.com\/wp-content\/uploads\/2019\/03\/IMG_6399_853.jpg","name":"IMG_6399_853.jpg","meta":{"brizy_attachment_uid":"wp-6b05f6ac5a589739ee8d3f12f0e51b7d","brizy_post_uid":["747544a96a15e66f72a94309d46e1dd5","852a80c4279832e57a8c6f26e19dd9c0"]}},{"id":6358,"url":"https:\/\/www.santiagolena.com\/wp-content\/uploads\/2020\/11\/santiago-lena-humedo-proa-2.jpg","name":"santiago-lena-humedo-proa-2.jpg","meta":{"brizy_attachment_uid":"wp-1fdbe2014ae6ae23c9920cc93c32cd4b.jpg","brizy_post_uid":["852a80c4279832e57a8c6f26e19dd9c0"]}}],"_links":{"self":[{"href":"https:\/\/www.santiagolena.com\/en\/wp-json\/wp\/v2\/pages\/1210","targetHints":{"allow":["GET"]}}],"collection":[{"href":"https:\/\/www.santiagolena.com\/en\/wp-json\/wp\/v2\/pages"}],"about":[{"href":"https:\/\/www.santiagolena.com\/en\/wp-json\/wp\/v2\/types\/page"}],"author":[{"embeddable":true,"href":"https:\/\/www.santiagolena.com\/en\/wp-json\/wp\/v2\/users\/1"}],"replies":[{"embeddable":true,"href":"https:\/\/www.santiagolena.com\/en\/wp-json\/wp\/v2\/comments?post=1210"}],"version-history":[{"count":6,"href":"https:\/\/www.santiagolena.com\/en\/wp-json\/wp\/v2\/pages\/1210\/revisions"}],"predecessor-version":[{"id":8086,"href":"https:\/\/www.santiagolena.com\/en\/wp-json\/wp\/v2\/pages\/1210\/revisions\/8086"}],"wp:attachment":[{"href":"https:\/\/www.santiagolena.com\/en\/wp-json\/wp\/v2\/media?parent=1210"}],"curies":[{"name":"wp","href":"https:\/\/api.w.org\/{rel}","templated":true}]}}